{"id":57852,"date":"2025-10-08T21:34:11","date_gmt":"2025-10-08T21:34:11","guid":{"rendered":"http:\/\/multienvases.com\/?page_id=57852"},"modified":"2025-10-08T21:46:02","modified_gmt":"2025-10-08T21:46:02","slug":"somos-una-guia-para-las-oportunidades","status":"publish","type":"page","link":"https:\/\/multienvases.com\/?page_id=57852","title":{"rendered":"SOMOS UNA GU\u00cdA PARA LAS OPORTUNIDADES"},"content":{"rendered":"<div class=\"wpb-content-wrapper\"><p>[vc_row full_width=\u00bbstretch_row\u00bb bg_type=\u00bbimage\u00bb parallax_style=\u00bbvcpb-vz-jquery\u00bb bg_image_new=\u00bbid^57853|url^http:\/\/multienvases.com\/wp-content\/uploads\/2025\/10\/imagen-banner-somos.jpg|caption^null|alt^null|title^imagen-banner-somos|description^null\u00bb bg_image_repeat=\u00bbno-repeat\u00bb css=\u00bb.vc_custom_1759959378030{margin-top: -85px !important;padding-top: 200px !important;padding-bottom: 200px !important;}\u00bb][vc_column][vc_single_image image=\u00bb57854&#8243; img_size=\u00bbfull\u00bb alignment=\u00bbcenter\u00bb css=\u00bb\u00bb][vc_row_inner][vc_column_inner width=\u00bb1\/6&#8243;][\/vc_column_inner][vc_column_inner width=\u00bb2\/3&#8243;][vc_column_text css=\u00bb\u00bb]<\/p>\n<p style=\"text-align: justify;\" data-pm-slice=\"0 0 []\"><span style=\"color: #ffffff;\">Bienvenido a Multienvases, Soluciones en Envases Flexibles. Creemos en dar soluciones que facilitan los modelos de negocios para marcas que desean impulsar sus oportunidades. Nacimos en 1999 en el rubro de envases flexibles impresos para alimentos.<\/span><\/p>\n<p style=\"text-align: justify;\" data-pm-slice=\"0 0 []\"><span style=\"color: #ffffff;\">Hoy, despu\u00e9s de 26 a\u00f1os en distintos mercados, somos proveedores de empresas l\u00edderes en sus ramos. A trav\u00e9s de los a\u00f1os nos hemos asociado con fabricantes de Europa y Asia, l\u00edderes en sus segmentos. Con ellos hemos asegurado la mejor calidad y servicio para nuestros clientes. Estamos en capacidad de proveerle con filmes, pouches, materiales mono estructura, reciclables, papel, esterilizables.<\/span><\/p>\n<p>[\/vc_column_text][\/vc_column_inner][vc_column_inner width=\u00bb1\/6&#8243;][\/vc_column_inner][\/vc_row_inner][\/vc_column][\/vc_row][vc_row css=\u00bb.vc_custom_1759959636614{padding-top: 60px !important;padding-bottom: 60px !important;}\u00bb][vc_column width=\u00bb1\/2&#8243;][vc_column_text css=\u00bb\u00bb]<\/p>\n<h3 data-pm-slice=\"0 0 []\">Siempre hay una soluci\u00f3n para proteger, conservar y potenciar las cualidades de su producto:<\/h3>\n<p>[\/vc_column_text][vc_column_text css=\u00bb\u00bb]<\/p>\n<p data-pm-slice=\"0 0 []\">\u2022 Films y bolsas formadas para envasado de alimentos.<\/p>\n<p data-pm-slice=\"0 0 []\">\u2022 Pouches y filmes elaborados con Bio-Films degradables hasta 96%.<\/p>\n<p data-pm-slice=\"0 0 []\">\u2022 Laminaciones con barrera hechas de materiales 100% reciclables.<\/p>\n<p data-pm-slice=\"0 0 []\">\u2022 Pouches de distintos formatos y formas especiales.<\/p>\n<p data-pm-slice=\"0 0 []\">\u2022 Pouches y filmes para industria m\u00e9dica y farmac\u00e9utica.<\/p>\n<p data-pm-slice=\"0 0 []\">\u2022 Pouches con accesorios.<\/p>\n<p data-pm-slice=\"0 0 []\">\u2022 V\u00e1lvulas desgasificadoras.<\/p>\n<p data-pm-slice=\"0 0 []\">\u2022 Impresi\u00f3n en Rotograbado.<\/p>\n<p data-pm-slice=\"0 0 []\">\u2022 Impresi\u00f3n Digital para sus proyectos peque\u00f1os y\/o personalizados.<\/p>\n<p data-pm-slice=\"0 0 []\">\u2022 Impresiones con acabados mate, calce de barniz y\/o hologramas.<\/p>\n<p data-pm-slice=\"0 0 []\">\u2022 Impresi\u00f3n de c\u00f3digos promocionales dentro de cada envase.<\/p>\n<p data-pm-slice=\"0 0 []\">\u2022 Laminaciones con barrera y papel.<\/p>\n<p data-pm-slice=\"0 0 []\">\u2022 Laminaciones con papel y ventana.<\/p>\n<p data-pm-slice=\"0 0 []\">\u2022 Films para aplicaci\u00f3n retortable.<\/p>\n<p data-pm-slice=\"0 0 []\">\u2022 Tubos de PVC laminados para industria cosm\u00e9tica.<\/p>\n<p data-pm-slice=\"0 0 []\">\u2022 Bolsas de papel para envasado de harinas y otros productos secos.<\/p>\n<p data-pm-slice=\"0 0 []\">\u2022 Film de aluminio para uso en bl\u00edster grado farmac\u00e9utico.<\/p>\n<p data-pm-slice=\"0 0 []\">\u2022 Envases para industria de detergentes, limpiadores y desinfectantes.<\/p>\n<p data-pm-slice=\"0 0 []\">\u2022 Envoltorios de papel para industria de jabones de tocador.<\/p>\n<p>[\/vc_column_text][\/vc_column][vc_column width=\u00bb1\/2&#8243;][vc_single_image image=\u00bb57859&#8243; img_size=\u00bbfull\u00bb css=\u00bb\u00bb][\/vc_column][\/vc_row][vc_row full_width=\u00bbstretch_row_content_no_spaces\u00bb bg_type=\u00bbimage\u00bb parallax_style=\u00bbvcpb-default\u00bb bg_image_new=\u00bbid^57862|url^http:\/\/multienvases.com\/wp-content\/uploads\/2025\/10\/imagen-hojas-verdes.jpg|caption^null|alt^null|title^imagen hojas verdes|description^null\u00bb bg_image_repeat=\u00bbno-repeat\u00bb css=\u00bb.vc_custom_1759959780976{padding-top: 150px !important;padding-bottom: 150px !important;}\u00bb][vc_column][\/vc_column][\/vc_row][vc_row full_width=\u00bbstretch_row\u00bb css=\u00bb.vc_custom_1759959960540{margin-bottom: -85px !important;padding-top: 100px !important;padding-bottom: 100px !important;background-color: #202843 !important;}\u00bb][vc_column][vc_column_text css=\u00bb\u00bb]<\/p>\n<p data-pm-slice=\"0 0 []\"><span style=\"color: #ffffff;\">Avanzamos siguiendo valores que nos dan confianza. Impulsados por el compromiso de dar lo mejor de nosotros 24\/7, de manera integral y transparente<\/span><\/p>\n<p data-pm-slice=\"0 0 []\"><span style=\"color: #ffffff;\"> El \u00e9xito de Multienvases en los negocios se basa en cualidades fundamentales: Esp\u00edritu innovador, la proyecci\u00f3n, la versatilidad, la confiabilidad, el compromiso con nuestros clientes, el trabajo en equipo, la responsabilidad social, la sustentabilidad el Servicio al Cliente.<\/span><\/p>\n<p data-pm-slice=\"0 0 []\"><span style=\"color: #ffffff;\"> Avanzamos sobre di\u00e1logos honestos, porque as\u00ed crecemos juntos y desarrollamos relaciones de largo plazo que nos permitir\u00e1n guiarle hacia la soluci\u00f3n que revolucionar\u00e1 su modelo de negocio.<\/span><\/p>\n<p>[\/vc_column_text][\/vc_column][\/vc_row]<\/p>\n<\/div>","protected":false},"excerpt":{"rendered":"<p>[vc_row full_width=\u00bbstretch_row\u00bb bg_type=\u00bbimage\u00bb parallax_style=\u00bbvcpb-vz-jquery\u00bb bg_image_new=\u00bbid^57853|url^http:\/\/multienvases.com\/wp-content\/uploads\/2025\/10\/imagen-banner-somos.jpg|caption^null|alt^null|title^imagen-banner-somos|description^null\u00bb bg_image_repeat=\u00bbno-repeat\u00bb css=\u00bb.vc_custom_1759959378030{margin-top: -85px !important;padding-top: 200px !important;padding-bottom: 200px !important;}\u00bb][vc_column][vc_single_image image=\u00bb57854&#8243; img_size=\u00bbfull\u00bb alignment=\u00bbcenter\u00bb css=\u00bb\u00bb][vc_row_inner][vc_column_inner width=\u00bb1\/6&#8243;][\/vc_column_inner][vc_column_inner width=\u00bb2\/3&#8243;][vc_column_text css=\u00bb\u00bb] Bienvenido a Multienvases, Soluciones en Envases Flexibles. Creemos en dar soluciones que facilitan los modelos de negocios para marcas que desean impulsar sus oportunidades. Nacimos en 1999 en el rubro de envases flexibles impresos para&hellip;<\/p>\n","protected":false},"author":1,"featured_media":0,"parent":0,"menu_order":0,"comment_status":"closed","ping_status":"closed","template":"","meta":{"footnotes":""},"class_list":["post-57852","page","type-page","status-publish","hentry","description-off"],"_links":{"self":[{"href":"https:\/\/multienvases.com\/index.php?rest_route=\/wp\/v2\/pages\/57852","targetHints":{"allow":["GET"]}}],"collection":[{"href":"https:\/\/multienvases.com\/index.php?rest_route=\/wp\/v2\/pages"}],"about":[{"href":"https:\/\/multienvases.com\/index.php?rest_route=\/wp\/v2\/types\/page"}],"author":[{"embeddable":true,"href":"https:\/\/multienvases.com\/index.php?rest_route=\/wp\/v2\/users\/1"}],"replies":[{"embeddable":true,"href":"https:\/\/multienvases.com\/index.php?rest_route=%2Fwp%2Fv2%2Fcomments&post=57852"}],"version-history":[{"count":11,"href":"https:\/\/multienvases.com\/index.php?rest_route=\/wp\/v2\/pages\/57852\/revisions"}],"predecessor-version":[{"id":57867,"href":"https:\/\/multienvases.com\/index.php?rest_route=\/wp\/v2\/pages\/57852\/revisions\/57867"}],"wp:attachment":[{"href":"https:\/\/multienvases.com\/index.php?rest_route=%2Fwp%2Fv2%2Fmedia&parent=57852"}],"curies":[{"name":"wp","href":"https:\/\/api.w.org\/{rel}","templated":true}]}}