{"id":57906,"date":"2025-10-09T23:13:13","date_gmt":"2025-10-09T23:13:13","guid":{"rendered":"http:\/\/multienvases.com\/?page_id=57906"},"modified":"2025-12-12T14:53:39","modified_gmt":"2025-12-12T14:53:39","slug":"sostenibilidad-e-innovacion","status":"publish","type":"page","link":"https:\/\/multienvases.com\/?page_id=57906","title":{"rendered":"SOSTENIBILIDAD E INNOVACI\u00d3N"},"content":{"rendered":"<div class=\"wpb-content-wrapper\"><p>[vc_row full_width=\u00bbstretch_row\u00bb css=\u00bb.vc_custom_1760051586590{margin-top: -70px !important;padding-top: 90px !important;padding-bottom: 90px !important;background-image: url(http:\/\/multienvases.com\/wp-content\/uploads\/2025\/10\/fondo-arboles.jpg?id=57907) !important;}\u00bb][vc_column][vc_column_text css=\u00bb\u00bb]<\/p>\n<h3 data-pm-slice=\"0 0 []\"><span style=\"color: #ffffff;\">Nos ha tocado el tiempo de reaprender, de cambiar nuestros h\u00e1bitos, de entender nuestro entorno con una mirada m\u00e1s honesta, de revolucionar nuestras vidas con un deseo de alcanzar un futuro claro para el bienestar del planeta.<\/span><\/h3>\n<p data-pm-slice=\"0 0 []\"><span style=\"color: #ffffff;\">En Multienvases vivimos este compromiso. Estamos listos para darle la mano a nuestros clientes y llegar a horizontes m\u00e1s verdes, m\u00e1s responsables, m\u00e1s llenos de oportunidades.<\/span><\/p>\n<p>[\/vc_column_text][\/vc_column][\/vc_row][vc_row css=\u00bb.vc_custom_1760051725903{padding-top: 60px !important;padding-bottom: 60px !important;}\u00bb][vc_column width=\u00bb1\/2&#8243;][vc_column_text css=\u00bb\u00bb]<\/p>\n<h1 data-pm-slice=\"0 0 []\">Bolsa con barrera para envasado a granel<\/h1>\n<h3 data-pm-slice=\"0 0 []\">Puede ser reciclable<\/h3>\n<p data-pm-slice=\"0 0 []\">Dise\u00f1ada para pol\u00edmeros de ingenier\u00eda y lotes maestros envasados a granel. Esta soluci\u00f3n ofrece una resistencia superior a las ca\u00eddas, protecci\u00f3n contra la humedad y el ox\u00edgeno y disipaci\u00f3n del calor para superar los problemas de estiba asociados al llenado en caliente de dichos productos.<\/p>\n<p>[\/vc_column_text][vc_tta_accordion color=\u00bbgreen\u00bb active_section=\u00bb\u00bb collapsible_all=\u00bbtrue\u00bb][vc_tta_section title=\u00bbLeer m\u00e1s\u00bb tab_id=\u00bb1760051903132-62d5a2e1-4495&#8243;][vc_column_text css=\u00bb\u00bb]La bolsa con barrera para envasado a granel se ha desarrollado mediante un exclusivo proceso de laminaci\u00f3n registrado que ayuda a reducir el grosor del sellado, y proporciona amortiguaci\u00f3n de aire para mejorar su resistencia a las ca\u00eddas. El desempe\u00f1o en la ca\u00edda se mejora a\u00fan m\u00e1s reforzando la bolsa con resinas especiales, un sello K para soportar la presi\u00f3n en las esquinas de la bolsa y un cambio del sello central al sello descentrado.<\/p>\n<p>&nbsp;<\/p>\n<p>Para superar los problemas de adherencia durante la estiba, se puede fijar una NRV o v\u00e1lvula unidireccional en el extremo inferior de la bolsa para ayudar a disipar el calor atrapado durante el llenado de productos calientes. Adem\u00e1s, la superficie de la bolsa se puede tratar para facilitar la recogida y mejorar los procesos de estiba y paletizaci\u00f3n.<\/p>\n<p>&nbsp;<\/p>\n<p>Esta bolsa de barrera para envasado a granel puede personalizarse para adaptarse a los requisitos de envasado reciclable.<\/p>\n<p>&nbsp;<\/p>\n<p>Aplicaciones adecuadas:<\/p>\n<p>Envasado de harinas, arroz, pesticidas, resinas polim\u00e9ricas y otros productos industriales.[\/vc_column_text][\/vc_tta_section][\/vc_tta_accordion][\/vc_column][vc_column width=\u00bb1\/2&#8243;][vc_single_image image=\u00bb57942&#8243; img_size=\u00bb500&#215;500&#8243; css=\u00bb\u00bb][\/vc_column][\/vc_row][vc_row full_width=\u00bbstretch_row\u00bb css=\u00bb.vc_custom_1760463716097{padding-top: 60px !important;padding-bottom: 60px !important;background-color: #F8F8F9 !important;}\u00bb][vc_column width=\u00bb1\/2&#8243;][vc_column_text css=\u00bb\u00bb]<\/p>\n<h1 data-pm-slice=\"0 0 []\">Pouch Bolsa-en-Bolsa<\/h1>\n<p data-pm-slice=\"0 0 []\">Nuestro formato de envase Bag-in-bag est\u00e1 dise\u00f1ado para proteger los productos granulados de derrames, impactos y la manipulaci\u00f3n extrema. Cuenta con un forro interior de polietileno que se estira para absorber los impactos de ca\u00eddas, un sello K en la parte inferior y fuelles laterales (pueden ser reforzados con nylon) para una gran resistencia a los impactos y las ca\u00eddas. Adem\u00e1s, ofrece espacio para m\u00faltiples compartimentos dentro de la bolsa para promociones de productos complementarios.<\/p>\n<p>[\/vc_column_text][vc_tta_accordion color=\u00bbgreen\u00bb active_section=\u00bb\u00bb collapsible_all=\u00bbtrue\u00bb][vc_tta_section title=\u00bbLeer m\u00e1s\u00bb tab_id=\u00bb1760052027157-7510fc79-69a7&#8243;][vc_column_text css=\u00bb\u00bb]La bolsa, al ser de doble fuelle, se expande para envasar m\u00e1s vol\u00famenes de producto, manteniendo un espacio \u00f3ptimo en las estanter\u00edas y un gran atractivo visual. Una manilla troquelada en la parte superior reduce el desgarro del envase y mejora la experiencia de manipulaci\u00f3n al levantarlo.<\/p>\n<p>&nbsp;<\/p>\n<p>Aplicaciones adecuadas:<\/p>\n<p>Envasado de fertilizantes, semillas u otros productos agr\u00edcolas, cemento, harina, arroz y az\u00facar.[\/vc_column_text][\/vc_tta_section][\/vc_tta_accordion][\/vc_column][vc_column width=\u00bb1\/2&#8243;][vc_single_image image=\u00bb57941&#8243; img_size=\u00bb500&#215;500&#8243; css=\u00bb\u00bb][\/vc_column][\/vc_row][vc_row css=\u00bb.vc_custom_1760051725903{padding-top: 60px !important;padding-bottom: 60px !important;}\u00bb][vc_column width=\u00bb1\/2&#8243;][vc_column_text css=\u00bb\u00bb]<\/p>\n<h1 data-pm-slice=\"0 0 []\"><strong>Bolsa de 5 paneles<\/strong><\/h1>\n<p>La bolsa de 5 paneles se aleja de las bolsas convencionales con cremalleras.\u00a0 Ofrece un formato compacto y optimizado para lograr un gran impacto de marca y presencia en el estante. Con el fondo y los fuelles laterales impresos en el registro del cuerpo principal, la bolsa convierte el envase en una valla publicitaria creativa, ofreciendo una atractiva presencia y estabilidad del fondo plano.[\/vc_column_text][vc_tta_accordion color=\u00bbgreen\u00bb active_section=\u00bb\u00bb collapsible_all=\u00bbtrue\u00bb][vc_tta_section title=\u00bbLeer m\u00e1s\u00bb tab_id=\u00bb1760463066024-e7d49a6c-29a5&#8243;][vc_column_text css=\u00bb\u00bb]La bolsa cuenta con una cremallera especial con leng\u00fceta que confiere un atractivo especial a la apertura del envase. Su tama\u00f1o y ligereza ofrecen una mayor comodidad para el consumidor y la posibilidad de volver a cerrar el envase. Con la personalizaci\u00f3n de los fuelles laterales, se pueden ofrecer interesantes vistas previas del producto junto con la transparencia del envase.[\/vc_column_text][\/vc_tta_section][\/vc_tta_accordion][\/vc_column][vc_column width=\u00bb1\/2&#8243;][vc_single_image image=\u00bb57940&#8243; img_size=\u00bb500&#215;500&#8243; css=\u00bb\u00bb][\/vc_column][\/vc_row][vc_row full_width=\u00bbstretch_row\u00bb css=\u00bb.vc_custom_1760463810144{padding-top: 60px !important;padding-bottom: 60px !important;background-color: #F8F8F9 !important;}\u00bb][vc_column width=\u00bb1\/2&#8243;][vc_column_text css=\u00bb\u00bb]<\/p>\n<h1>Pouch tipo stand up a base de papel<\/h1>\n<p>El caf\u00e9 liofilizado instant\u00e1neo representa un segmento importante del consumo de caf\u00e9 en todo el mundo, especialmente en pa\u00edses fr\u00edos. Esta bolsa de papel con zipper fue dise\u00f1ada inicialmente para caf\u00e9 liofilizado, sin embargo, tiene m\u00faltiples aplicaciones.[\/vc_column_text][vc_tta_accordion color=\u00bbgreen\u00bb active_section=\u00bb\u00bb collapsible_all=\u00bbtrue\u00bb][vc_tta_section title=\u00bbLeer m\u00e1s\u00bb tab_id=\u00bb1760463165480-b986305b-8b05&#8243;][vc_column_text css=\u00bb\u00bb]La parte exterior de papel imprimible contribuye a dar una apariencia sobria y atractiva. Junto con las se\u00f1ales de apariencia Premium, la bolsa protege sabores y aromas con propiedades de alta barrera. Tambi\u00e9n proporciona una funcionalidad adicional, al contar con zipper para facilitar la apertura y el cierre. En general, esta bolsa es un formato de envasado adecuado para productos de primera calidad que necesiten alta barrera y un gran atractivo en las estanter\u00edas.<\/p>\n<p>&nbsp;<\/p>\n<p>Aplicaciones adecuadas:<\/p>\n<p>Adecuado para todos los productos secos con necesidades de alta barrera, incluyendo caf\u00e9 Premium, envasado de especias, t\u00e9, aperitivos org\u00e1nicos y frutas secas, etc.[\/vc_column_text][\/vc_tta_section][\/vc_tta_accordion][\/vc_column][vc_column width=\u00bb1\/2&#8243;][vc_single_image image=\u00bb57939&#8243; img_size=\u00bb500&#215;500&#8243; css=\u00bb\u00bb][\/vc_column][\/vc_row][vc_row css=\u00bb.vc_custom_1760051725903{padding-top: 60px !important;padding-bottom: 60px !important;}\u00bb][vc_column width=\u00bb1\/2&#8243;][vc_column_text css=\u00bb\u00bb]<\/p>\n<h1>Etiquetas personalizadas tipo Wrap-Around<\/h1>\n<p>Este es un caso de c\u00f3mo el envase personalizado se traduce en experiencias memorables para el consumidor y en una mejora del \u201cboca en boca\u201d y del recuerdo de marcas.[\/vc_column_text][vc_tta_accordion color=\u00bbgreen\u00bb active_section=\u00bb\u00bb collapsible_all=\u00bbtrue\u00bb][vc_tta_section title=\u00bbLeer m\u00e1s\u00bb tab_id=\u00bb1760463279247-6b42b851-160d\u00bb][vc_column_text css=\u00bb\u00bb]Nuestro mas reciente ejemplo es la campa\u00f1a \u00abShare a Coke\u00bb en la India, donde se desarrollaron m\u00e1s de 300.000 diferentes etiquetas personalizadas wrap-around en colaboraci\u00f3n con el cliente y nuestro equipo de Prensa Digital, lo que la convierte en la campa\u00f1a de compromiso de marca m\u00e1s compleja apoyada a trav\u00e9s de los envases.[\/vc_column_text][\/vc_tta_section][\/vc_tta_accordion][\/vc_column][vc_column width=\u00bb1\/2&#8243;][vc_single_image image=\u00bb57938&#8243; img_size=\u00bb500&#215;500&#8243; css=\u00bb\u00bb][\/vc_column][\/vc_row][vc_row full_width=\u00bbstretch_row\u00bb css=\u00bb.vc_custom_1760463828962{padding-top: 60px !important;padding-bottom: 60px !important;background-color: #F8F8F9 !important;}\u00bb][vc_column width=\u00bb1\/2&#8243;][vc_column_text css=\u00bb\u00bb]<\/p>\n<h1>Envases Flexibles Circulares &#8211; Huhtamaki<\/h1>\n<p>Huhtamaki <a href=\"https:\/\/www.huhtamaki.com\/blueloop\">Blueloop<\/a> es una plataforma de colaboraci\u00f3n que impulsa el paso de una econom\u00eda lineal a una econom\u00eda circular.[\/vc_column_text][vc_tta_accordion color=\u00bbgreen\u00bb active_section=\u00bb\u00bb collapsible_all=\u00bbtrue\u00bb][vc_tta_section title=\u00bbLeer m\u00e1s\u00bb tab_id=\u00bb1760463462648-5b3497f9-80f9&#8243;][vc_column_text css=\u00bb\u00bb]La plataforma es una forma de acelerar la innovaci\u00f3n y aumentar la concienciaci\u00f3n, al tiempo que apoya a las empresas para que alcancen los objetivos de sostenibilidad.[\/vc_column_text][\/vc_tta_section][\/vc_tta_accordion][\/vc_column][vc_column width=\u00bb1\/2&#8243;][\/vc_column][\/vc_row][vc_row css=\u00bb.vc_custom_1760051725903{padding-top: 60px !important;padding-bottom: 60px !important;}\u00bb][vc_column width=\u00bb1\/2&#8243;][vc_column_text css=\u00bb\u00bb]<\/p>\n<h1>Envases Sostenibles a base de Monomateriales<\/h1>\n<h3>materiales reciclados &#8211; Wipf AG<\/h3>\n<p>Los envases de Monomateriales est\u00e1n formados por varias capas de un \u00fanico material b\u00e1sico. Esto permite una producci\u00f3n m\u00e1s sostenible y un reciclaje m\u00e1s f\u00e1cil.[\/vc_column_text][vc_tta_accordion color=\u00bbgreen\u00bb active_section=\u00bb\u00bb collapsible_all=\u00bbtrue\u00bb][vc_tta_section title=\u00bbLeer m\u00e1s\u00bb tab_id=\u00bb1760463518314-61a5d696-81c8&#8243;][vc_column_text css=\u00bb\u00bb]Hay muchas aplicaciones posibles, pero \u00fanicamente si se mantienen todas las ventajas de los envases convencionales. Deben ofrecer una protecci\u00f3n \u00f3ptima contra la radiaci\u00f3n UV, la humedad y la contaminaci\u00f3n externa, y ser lo suficientemente robustos para el transporte y el uso. Los nuevos <a href=\"https:\/\/www.wipf.ch\/products\/sustainable-packaging.html\">Monomateriales a base de PP<\/a> de Wipf cumplen todos estos requisitos.[\/vc_column_text][\/vc_tta_section][\/vc_tta_accordion][\/vc_column][vc_column width=\u00bb1\/2&#8243;][vc_single_image image=\u00bb57923&#8243; img_size=\u00bb500&#215;500&#8243; css=\u00bb\u00bb][\/vc_column][\/vc_row]<\/p>\n<\/div>","protected":false},"excerpt":{"rendered":"<p>[vc_row full_width=\u00bbstretch_row\u00bb css=\u00bb.vc_custom_1760051586590{margin-top: -70px !important;padding-top: 90px !important;padding-bottom: 90px !important;background-image: url(http:\/\/multienvases.com\/wp-content\/uploads\/2025\/10\/fondo-arboles.jpg?id=57907) !important;}\u00bb][vc_column][vc_column_text css=\u00bb\u00bb] Nos ha tocado el tiempo de reaprender, de cambiar nuestros h\u00e1bitos, de entender nuestro entorno con una mirada m\u00e1s honesta, de revolucionar nuestras vidas con un deseo de alcanzar un futuro claro para el bienestar del planeta. En Multienvases vivimos este compromiso. Estamos&hellip;<\/p>\n","protected":false},"author":1,"featured_media":0,"parent":0,"menu_order":0,"comment_status":"closed","ping_status":"closed","template":"","meta":{"footnotes":""},"class_list":["post-57906","page","type-page","status-publish","hentry","description-off"],"_links":{"self":[{"href":"https:\/\/multienvases.com\/index.php?rest_route=\/wp\/v2\/pages\/57906","targetHints":{"allow":["GET"]}}],"collection":[{"href":"https:\/\/multienvases.com\/index.php?rest_route=\/wp\/v2\/pages"}],"about":[{"href":"https:\/\/multienvases.com\/index.php?rest_route=\/wp\/v2\/types\/page"}],"author":[{"embeddable":true,"href":"https:\/\/multienvases.com\/index.php?rest_route=\/wp\/v2\/users\/1"}],"replies":[{"embeddable":true,"href":"https:\/\/multienvases.com\/index.php?rest_route=%2Fwp%2Fv2%2Fcomments&post=57906"}],"version-history":[{"count":19,"href":"https:\/\/multienvases.com\/index.php?rest_route=\/wp\/v2\/pages\/57906\/revisions"}],"predecessor-version":[{"id":57945,"href":"https:\/\/multienvases.com\/index.php?rest_route=\/wp\/v2\/pages\/57906\/revisions\/57945"}],"wp:attachment":[{"href":"https:\/\/multienvases.com\/index.php?rest_route=%2Fwp%2Fv2%2Fmedia&parent=57906"}],"curies":[{"name":"wp","href":"https:\/\/api.w.org\/{rel}","templated":true}]}}